{"id":18282,"date":"2024-04-16T02:38:31","date_gmt":"2024-04-16T02:38:31","guid":{"rendered":"https:\/\/bmocompany.com\/?page_id=18282"},"modified":"2026-03-15T08:06:58","modified_gmt":"2026-03-15T08:06:58","slug":"hakkimizda","status":"publish","type":"page","link":"https:\/\/bmocompany.com\/?page_id=18282&lang=tr","title":{"rendered":"Hakk\u0131m\u0131zda"},"content":{"rendered":"\t\t<div data-elementor-type=\"wp-page\" data-elementor-id=\"18282\" class=\"elementor elementor-18282 elementor-163\">\n\t\t\t\t        <section class=\"elementor-section elementor-top-section elementor-element elementor-element-dd6246f elementor-section-stretched elementor-section-full_width elementor-section-height-default elementor-section-height-default pxl-row-scroll-none pxl-zoom-point-false pxl-section-overflow-visible pxl-full-content-with-space-none\" data-id=\"dd6246f\" data-element_type=\"section\" data-e-type=\"section\" data-settings=\"{&quot;stretch_section&quot;:&quot;section-stretched&quot;,&quot;background_background&quot;:&quot;classic&quot;}\">\n\n                            <div class=\"elementor-background-overlay\"><\/div>\n            \n                <div class=\"elementor-container elementor-column-gap-extended \">\n                <div class=\"elementor-column elementor-col-100 elementor-top-column elementor-element elementor-element-642a0b7 pxl-column-none pxl-column-overflow-hidden-no\" data-id=\"642a0b7\" data-element_type=\"column\" data-e-type=\"column\">\r\n        <div class=\"elementor-widget-wrap elementor-element-populated\">\r\n                     \r\n                <section class=\"elementor-section elementor-inner-section elementor-element elementor-element-27caaae elementor-section-boxed elementor-section-height-default elementor-section-height-default pxl-row-scroll-none pxl-zoom-point-false pxl-section-overflow-visible\" data-id=\"27caaae\" data-element_type=\"section\" data-e-type=\"section\">\n\n                \n                <div class=\"elementor-container elementor-column-gap-default \">\n                <div class=\"elementor-column elementor-col-100 elementor-inner-column elementor-element elementor-element-198289f pxl-column-none pxl-column-overflow-hidden-no\" data-id=\"198289f\" data-element_type=\"column\" data-e-type=\"column\">\r\n        <div class=\"elementor-widget-wrap elementor-element-populated\">\r\n                     \r\n        \t\t<div class=\"elementor-element elementor-element-aa6a662 elementor-widget elementor-widget-pxl_heading\" data-id=\"aa6a662\" data-element_type=\"widget\" data-e-type=\"widget\" data-widget_type=\"pxl_heading.default\">\n\t\t\t\t<div class=\"elementor-widget-container\">\n\t\t\t\t\t\n<div id=\"pxl-pxl_heading-aa6a662-5573\" class=\"pxl-heading px-sub-title-default-style \">\n\t<div class=\"pxl-heading--inner\">\n\t\t\n\t\t<h3 class=\"pxl-item--title style-default ft-gt highlight-default \" data-wow-delay=\"ms\">\n\t\t\t\t\t\t\tHakk\u0131m\u0131zda\t\n\t\t\t\t\n\t\t<\/h3>\n\t\t\n\t<\/div>\n<\/div>\t\t\t\t<\/div>\n\t\t\t\t<\/div>\n\t\t\t\t<div class=\"elementor-element elementor-element-4255af1 elementor-widget elementor-widget-pxl_text_editor\" data-id=\"4255af1\" data-element_type=\"widget\" data-e-type=\"widget\" data-widget_type=\"pxl_text_editor.default\">\n\t\t\t\t<div class=\"elementor-widget-container\">\n\t\t\t\t\t<div class=\"pxl-text-editor\">\n\t<div class=\"pxl-item--inner  \" data-wow-delay=\"ms\">\n\t\t<p>2018 y\u0131l\u0131n\u0131n ba\u015flar\u0131nda, motor ya\u011f\u0131 sekt\u00f6r\u00fcnde uzman olan Say\u0131n Taha Tar\u0131k Taha ve o\u011flu Botan Taha Tar\u0131k, BMO&#8217;yu Botan Motor Ya\u011f\u0131 ad\u0131yla kurdu.<\/p>\n\t\t\n\t<\/div>\n<\/div>\t\t\t\t<\/div>\n\t\t\t\t<\/div>\n\t\t\t\t<div class=\"elementor-element elementor-element-8a7216c elementor-widget-divider--view-line elementor-widget elementor-widget-divider\" data-id=\"8a7216c\" data-element_type=\"widget\" data-e-type=\"widget\" data-widget_type=\"divider.default\">\n\t\t\t\t<div class=\"elementor-widget-container\">\n\t\t\t\t\t\t\t<div class=\"elementor-divider\">\n\t\t\t<span class=\"elementor-divider-separator\">\n\t\t\t\t\t\t<\/span>\n\t\t<\/div>\n\t\t\t\t\t\t<\/div>\n\t\t\t\t<\/div>\n\t\t\t\t<div class=\"elementor-element elementor-element-b39e2af elementor-widget-divider--view-line elementor-widget elementor-widget-divider\" data-id=\"b39e2af\" data-element_type=\"widget\" data-e-type=\"widget\" data-widget_type=\"divider.default\">\n\t\t\t\t<div class=\"elementor-widget-container\">\n\t\t\t\t\t\t\t<div class=\"elementor-divider\">\n\t\t\t<span class=\"elementor-divider-separator\">\n\t\t\t\t\t\t<\/span>\n\t\t<\/div>\n\t\t\t\t\t\t<\/div>\n\t\t\t\t<\/div>\n\t\t\t\t<div class=\"elementor-element elementor-element-b67b031 elementor-widget elementor-widget-pxl_breadcrumb\" data-id=\"b67b031\" data-element_type=\"widget\" data-e-type=\"widget\" data-widget_type=\"pxl_breadcrumb.default\">\n\t\t\t\t<div class=\"elementor-widget-container\">\n\t\t\t\t\t<div class=\"pxl-breadcrumb-wrap\">\n\t<ul class=\"pxl-breadcrumb\"><li><span class=\"breadcrumb-entry\">Main Home<\/span><\/li><\/ul><\/div>\t\t\t\t<\/div>\n\t\t\t\t<\/div>\n\t\t            <\/div>\r\n        <\/div>\r\n        \t\t\t<\/div>\n\t\t<\/section>\n\t\t            <\/div>\r\n        <\/div>\r\n        \t\t\t<\/div>\n\t\t<\/section>\n\t\t        <section class=\"elementor-section elementor-top-section elementor-element elementor-element-6949e5b elementor-section-full_width elementor-section-stretched elementor-section-height-default elementor-section-height-default pxl-row-scroll-none pxl-zoom-point-false pxl-section-overflow-visible pxl-full-content-with-space-none\" data-id=\"6949e5b\" data-element_type=\"section\" data-e-type=\"section\" data-settings=\"{&quot;stretch_section&quot;:&quot;section-stretched&quot;}\">\n\n                \n                <div class=\"elementor-container elementor-column-gap-extended \">\n                <div class=\"elementor-column elementor-col-50 elementor-top-column elementor-element elementor-element-da6f8b0 pxl-column-overflow-hidden-yes pxl-column-none\" data-id=\"da6f8b0\" data-element_type=\"column\" data-e-type=\"column\" data-settings=\"{&quot;background_background&quot;:&quot;classic&quot;}\">\r\n        <div class=\"elementor-widget-wrap elementor-element-populated\">\r\n                     \r\n        \t\t<div class=\"elementor-element elementor-element-19329ab elementor-widget__width-auto elementor-absolute animated-slow elementor-invisible elementor-widget elementor-widget-pxl_image\" data-id=\"19329ab\" data-element_type=\"widget\" data-e-type=\"widget\" data-settings=\"{&quot;_position&quot;:&quot;absolute&quot;,&quot;_animation&quot;:&quot;fadeInRight&quot;}\" data-widget_type=\"pxl_image.default\">\n\t\t\t\t<div class=\"elementor-widget-container\">\n\t\t\t\t\t<div id=\"pxl_image-19329ab-3776\" class=\"pxl-image-single df pxl-disable-parallax-sm pxl-hide-sr-lg  \" data-wow-delay=\"ms\"  >\r\n    <div class=\"pxl-item--inner\" data-wow-delay=\"120ms\">\r\n        \r\n                    <div class=\"pxl-item--image df\" data-parallax-value=\"\">\r\n                                <img fetchpriority=\"high\" decoding=\"async\" width=\"519\" height=\"519\" src=\"https:\/\/bmocompany.com\/wp-content\/uploads\/2024\/05\/Ellipse-797.svg\" class=\"no-lazyload attachment-full\" alt=\"\" \/>                                            <\/div>\r\n                \r\n    <\/div>\r\n<\/div>\t\t\t\t<\/div>\n\t\t\t\t<\/div>\n\t\t\t\t<div class=\"elementor-element elementor-element-5adac16 elementor-widget__width-auto elementor-absolute animated-slow elementor-invisible elementor-widget elementor-widget-pxl_image\" data-id=\"5adac16\" data-element_type=\"widget\" data-e-type=\"widget\" data-settings=\"{&quot;_position&quot;:&quot;absolute&quot;,&quot;_animation&quot;:&quot;fadeInDown&quot;}\" data-widget_type=\"pxl_image.default\">\n\t\t\t\t<div class=\"elementor-widget-container\">\n\t\t\t\t\t<div id=\"pxl_image-5adac16-5070\" class=\"pxl-image-single df pxl-disable-parallax-sm pxl-hide-sr-lg  \" data-wow-delay=\"ms\"  >\r\n    <div class=\"pxl-item--inner\" data-wow-delay=\"120ms\">\r\n        \r\n                    <div class=\"pxl-item--image df\" data-parallax-value=\"\">\r\n                                <img fetchpriority=\"high\" decoding=\"async\" width=\"519\" height=\"519\" src=\"https:\/\/bmocompany.com\/wp-content\/uploads\/2024\/05\/Ellipse-797.svg\" class=\"no-lazyload attachment-full\" alt=\"\" \/>                                            <\/div>\r\n                \r\n    <\/div>\r\n<\/div>\t\t\t\t<\/div>\n\t\t\t\t<\/div>\n\t\t\t\t<div class=\"elementor-element elementor-element-5838def ft-gt elementor-widget elementor-widget-pxl_heading\" data-id=\"5838def\" data-element_type=\"widget\" data-e-type=\"widget\" data-widget_type=\"pxl_heading.default\">\n\t\t\t\t<div class=\"elementor-widget-container\">\n\t\t\t\t\t\n<div id=\"pxl-pxl_heading-5838def-6807\" class=\"pxl-heading px-sub-title-default-style \">\n\t<div class=\"pxl-heading--inner\">\n\t\t\t\t\t<div class=\"pxl-item--subtitle px-sub-title-default pxl-split-text split-in-fade\" data-wow-delay=\"ms\">\n\t\t\t\t<span class=\"pxl-item--subtext\">\n\t\t\t\t\t\t\t\t\t\tBMO \u015eirketi&#039;ne Ho\u015f Geldiniz\t\t\t\t<\/span>\n\t\t\t<\/div>\n\t\t\n\t\t<h3 class=\"pxl-item--title style-default  highlight-default \" data-wow-delay=\"ms\">\n\t\t\t\t\t\t\tOdak noktam\u0131z, m\u00fc\u015fterilerimize\n\u00fcst\u00fcn de\u011fer sunmakt\u0131r\n\t\n\t\t\t\t\n\t\t<\/h3>\n\t\t\n\t<\/div>\n<\/div>\t\t\t\t<\/div>\n\t\t\t\t<\/div>\n\t\t            <\/div>\r\n        <\/div>\r\n                <div class=\"elementor-column elementor-col-50 elementor-top-column elementor-element elementor-element-95e0f76 pxl-column-none pxl-column-overflow-hidden-no\" data-id=\"95e0f76\" data-element_type=\"column\" data-e-type=\"column\">\r\n        <div class=\"elementor-widget-wrap elementor-element-populated\">\r\n                     \r\n        \t\t<div class=\"elementor-element elementor-element-781b46b elementor-widget elementor-widget-pxl_text_editor\" data-id=\"781b46b\" data-element_type=\"widget\" data-e-type=\"widget\" data-widget_type=\"pxl_text_editor.default\">\n\t\t\t\t<div class=\"elementor-widget-container\">\n\t\t\t\t\t<div class=\"pxl-text-editor\">\n\t<div class=\"pxl-item--inner  \" data-wow-delay=\"ms\">\n\t\t<\/p>\n<p>BMO \u015eirketi, 2018 y\u0131l\u0131n\u0131n ba\u015flar\u0131nda, motor ya\u011f\u0131 sekt\u00f6r\u00fcnde k\u00f6kl\u00fc bir uzman olan Say\u0131n Taha Tar\u0131k Taha taraf\u0131ndan, o\u011flu Botan Taha Tar\u0131k ile birlikte kuruldu. \u015eirket ba\u015flang\u0131\u00e7ta <em>Botan Motor Ya\u011f\u0131<\/em> ad\u0131yla kurulmu\u015f olup, daha sonra ticaret yasalar\u0131 ve uluslararas\u0131 standartlara uygun olarak resmi olarak <strong>BMO \u015eirketi<\/strong> olarak tescil edildi. <\/p>\n<p>Zakho&#8217;da motor ya\u011f\u0131 distrib\u00fct\u00f6r\u00fc olarak faaliyetlerine ba\u015flayan BMO \u015eirketi, Irak genelinde h\u0131zla varl\u0131\u011f\u0131n\u0131 geni\u015fletti. Bug\u00fcn faaliyetlerimiz Duhok, Erbil, S\u00fcleymaniye, Kerk\u00fck, Musul, Selahaddin, Hillah, Nas\u0131riye, Ba\u011fdat ve \u00e7evre b\u00f6lgeler dahil olmak \u00fczere b\u00fcy\u00fck \u015fehirleri kapsamakta olup, tam \u00fclke \u00e7ap\u0131nda kapsama alan\u0131 elde etme hedefiyle ilerlemektedir. <\/p>\n<p>BMO \u015eirketi, \u00f6nde gelen T\u00fcrk ve uluslararas\u0131 motor ya\u011f\u0131 \u00fcreticileriyle kurdu\u011fu g\u00fc\u00e7l\u00fc ve uzun vadeli ortakl\u0131klar sayesinde, uluslararas\u0131 kabul g\u00f6rm\u00fc\u015f standartlar\u0131 kar\u015f\u0131layan geni\u015f bir yelpazede y\u00fcksek kaliteli \u00fcr\u00fcnler tedarik etmektedir. Geni\u015f depo tesislerimiz, toplu miktarlarda \u00fcr\u00fcn almam\u0131z\u0131 ve m\u00fc\u015fterilerimize verimli, g\u00fcvenilir da\u011f\u0131t\u0131m sa\u011flamam\u0131z\u0131 m\u00fcmk\u00fcn k\u0131lmaktad\u0131r. <\/p>\n<p>Ortaklar\u0131m\u0131z ve m\u00fc\u015fterilerimizle g\u00fcven, profesyonellik ve stratejik i\u015f birli\u011fi \u00fczerine kurulu olan BMO \u015eirketi, Irak&#8217;\u0131n enerji ve ya\u011flay\u0131c\u0131lar sekt\u00f6r\u00fcnde g\u00fcvenilir ve iddial\u0131 bir oyuncu olarak b\u00fcy\u00fcmeye devam etmektedir.<\/p>\n\t\t\n\t<\/div>\n<\/div>\t\t\t\t<\/div>\n\t\t\t\t<\/div>\n\t\t            <\/div>\r\n        <\/div>\r\n        \t\t\t<\/div>\n\t\t<\/section>\n\t\t        <section class=\"elementor-section elementor-top-section elementor-element elementor-element-392aa8e elementor-section-stretched elementor-section-full_width elementor-section-height-default elementor-section-height-default pxl-row-scroll-none pxl-zoom-point-false pxl-section-overflow-visible pxl-full-content-with-space-none\" data-id=\"392aa8e\" data-element_type=\"section\" data-e-type=\"section\" data-settings=\"{&quot;stretch_section&quot;:&quot;section-stretched&quot;}\">\n\n                \n                <div class=\"elementor-container elementor-column-gap-extended \">\n                <div class=\"elementor-column elementor-col-100 elementor-top-column elementor-element elementor-element-83a236c pxl-column-none pxl-column-overflow-hidden-no\" data-id=\"83a236c\" data-element_type=\"column\" data-e-type=\"column\">\r\n        <div class=\"elementor-widget-wrap elementor-element-populated\">\r\n                     \r\n                <section class=\"elementor-section elementor-inner-section elementor-element elementor-element-0329d19 elementor-section-boxed elementor-section-height-default elementor-section-height-default pxl-row-scroll-none pxl-zoom-point-false pxl-section-overflow-visible\" data-id=\"0329d19\" data-element_type=\"section\" data-e-type=\"section\" data-settings=\"{&quot;background_background&quot;:&quot;classic&quot;}\">\n\n                \n                <div class=\"elementor-container elementor-column-gap-extended \">\n                <div class=\"elementor-column elementor-col-100 elementor-inner-column elementor-element elementor-element-7415727 pxl-column-none pxl-column-overflow-hidden-no\" data-id=\"7415727\" data-element_type=\"column\" data-e-type=\"column\">\r\n        <div class=\"elementor-widget-wrap elementor-element-populated\">\r\n                     \r\n        \t\t<div class=\"elementor-element elementor-element-81c5230 elementor-widget elementor-widget-pxl_text_carousel\" data-id=\"81c5230\" data-element_type=\"widget\" data-e-type=\"widget\" data-widget_type=\"pxl_text_carousel.default\">\n\t\t\t\t<div class=\"elementor-widget-container\">\n\t\t\t\t\t    <div class=\"pxl-swiper-slider pxl-text-carousel pxl-text-carousel1 default\" >\n        <div class=\"pxl-carousel-inner\">\n            <div class=\"pxl-swiper-container\" dir=\"ltr\" data-settings=\"{&quot;slide_direction&quot;:&quot;horizontal&quot;,&quot;slide_percolumn&quot;:1,&quot;slide_mode&quot;:&quot;slide&quot;,&quot;slides_to_show&quot;:3,&quot;slides_to_show_xxl&quot;:4,&quot;slides_to_show_lg&quot;:3,&quot;slides_to_show_md&quot;:2,&quot;slides_to_show_sm&quot;:2,&quot;slides_to_show_xs&quot;:1,&quot;slides_to_scroll&quot;:1,&quot;arrow&quot;:true,&quot;pagination&quot;:false,&quot;pagination_type&quot;:&quot;bullets&quot;,&quot;autoplay&quot;:false,&quot;pause_on_hover&quot;:false,&quot;pause_on_interaction&quot;:true,&quot;delay&quot;:5000,&quot;loop&quot;:false,&quot;speed&quot;:500}\">\n                <div class=\"pxl-swiper-wrapper\">\n                                            <div class=\"pxl-swiper-slide\">\n                            <div class=\"pxl-item--inner \" data-wow-delay=\"ms\">\n                                                                                                    <span class=\"pxl-item--number el-empty\">2018<\/span>\n                                                                <h3 class=\"pxl-item--title el-empty\">Kurulu\u015f ve Vizyon<\/h3>\n                                <p class=\"pxl-item--desc el-empty\">Zakho'da Say\u0131n Taha Tar\u0131k ve o\u011flu Botan taraf\u0131ndan, uzmanl\u0131k ve gen\u00e7li\u011fi birle\u015ftirerek Botan Motor Ya\u011f\u0131'n\u0131 piyasaya s\u00fcrmek \u00fczere kuruldu.<\/p>\n                            <\/div>\n                        <\/div>\n                                            <div class=\"pxl-swiper-slide\">\n                            <div class=\"pxl-item--inner \" data-wow-delay=\"ms\">\n                                                                                                    <span class=\"pxl-item--number el-empty\">2018 <\/span>\n                                                                <h3 class=\"pxl-item--title el-empty\">\u015eirket Tescili<\/h3>\n                                <p class=\"pxl-item--desc el-empty\">Ticaret yasalar\u0131 ve uluslararas\u0131 standartlara uyum sa\u011flamak amac\u0131yla BMO \u015eirketi olarak yeniden markala\u015ft\u0131.<\/p>\n                            <\/div>\n                        <\/div>\n                                            <div class=\"pxl-swiper-slide\">\n                            <div class=\"pxl-item--inner \" data-wow-delay=\"ms\">\n                                                                                                    <span class=\"pxl-item--number el-empty\"> 2018\u20132019<\/span>\n                                                                <h3 class=\"pxl-item--title el-empty\">Ortakl\u0131klar<\/h3>\n                                <p class=\"pxl-item--desc el-empty\">Sertifikal\u0131 motor ya\u011f\u0131 tedarik\u00e7ileri olan T\u00fcrk ve uluslararas\u0131 firmalarla \u00f6nemli ortakl\u0131klar kuruldu.<\/p>\n                            <\/div>\n                        <\/div>\n                                            <div class=\"pxl-swiper-slide\">\n                            <div class=\"pxl-item--inner \" data-wow-delay=\"ms\">\n                                                                                                    <span class=\"pxl-item--number el-empty\">2019\u20132021<\/span>\n                                                                <h3 class=\"pxl-item--title el-empty\">Irak Genelinde Geni\u015fleme<\/h3>\n                                <p class=\"pxl-item--desc el-empty\">Irak genelindeki b\u00fcy\u00fck \u015fehirlere operasyonlar geni\u015fletilerek g\u00fc\u00e7l\u00fc bir da\u011f\u0131t\u0131m a\u011f\u0131 olu\u015fturuldu.<\/p>\n                            <\/div>\n                        <\/div>\n                                            <div class=\"pxl-swiper-slide\">\n                            <div class=\"pxl-item--inner \" data-wow-delay=\"ms\">\n                                                                                                    <span class=\"pxl-item--number el-empty\">2021\u20132023<\/span>\n                                                                <h3 class=\"pxl-item--title el-empty\"> Geli\u015fim<\/h3>\n                                <p class=\"pxl-item--desc el-empty\">Toplu sipari\u015fleri verimli bir \u015fekilde y\u00f6netmek ve teslim etmek i\u00e7in b\u00fcy\u00fck depolar kuruldu.<\/p>\n                            <\/div>\n                        <\/div>\n                                            <div class=\"pxl-swiper-slide\">\n                            <div class=\"pxl-item--inner \" data-wow-delay=\"ms\">\n                                                                                                    <span class=\"pxl-item--number el-empty\"> 2023\u2013G\u00fcn\u00fcm\u00fcz<\/span>\n                                                                <h3 class=\"pxl-item--title el-empty\"> B\u00fcy\u00fcme<\/h3>\n                                <p class=\"pxl-item--desc el-empty\">Tutarl\u0131 tedarik ve g\u00fcvenilir lojistik ile ulusal varl\u0131k g\u00fc\u00e7lendirildi.<\/p>\n                            <\/div>\n                        <\/div>\n                                            <div class=\"pxl-swiper-slide\">\n                            <div class=\"pxl-item--inner \" data-wow-delay=\"ms\">\n                                                                                                    <span class=\"pxl-item--number el-empty\">Gelecek <\/span>\n                                                                <h3 class=\"pxl-item--title el-empty\">B\u00f6lgesel Geni\u015fleme<\/h3>\n                                <p class=\"pxl-item--desc el-empty\">Irak pazar\u0131nda lider olmay\u0131 ve b\u00f6lgesel alanlara geni\u015flemeyi hedefliyor.<\/p>\n                            <\/div>\n                        <\/div>\n                                    <\/div>\n            <\/div>\n\n        <\/div>\n                    <div class=\"pxl-swiper-bottom pxl-flex-middle\">\n                                                    <div class=\"pxl-wrap-arrow pxl-flex-middle\">\n                        <div class=\"pxl-swiper-arrow pxl-swiper-arrow-prev\"><i class=\"fas fa-arrow-left rtl-icon\" ><\/i><\/div>\n                        <div class=\"pxl-swiper-arrow pxl-swiper-arrow-next\"><i class=\"fas fa-arrow-right rtl-icon\"><\/i><\/div>\n                    <\/div>\n                            <\/div>\n            <\/div>\n\t\t\t\t<\/div>\n\t\t\t\t<\/div>\n\t\t            <\/div>\r\n        <\/div>\r\n        \t\t\t<\/div>\n\t\t<\/section>\n\t\t            <\/div>\r\n        <\/div>\r\n        \t\t\t<\/div>\n\t\t<\/section>\n\t\t\t\t<\/div>\n\t\t","protected":false},"excerpt":{"rendered":"<p>2018 y\u0131l\u0131n\u0131n ba\u015flar\u0131nda, motor ya\u011f\u0131 sekt\u00f6r\u00fcnde uzman olan Say\u0131n Taha Tar\u0131k Taha ve o\u011flu Botan Taha Tar\u0131k, BMO&#8217;yu Botan Motor Ya\u011f\u0131 ad\u0131yla kurdu. Main Home BMO \u015eirketi&#039;ne Ho\u015f Geldiniz Odak noktam\u0131z, m\u00fc\u015fterilerimize \u00fcst\u00fcn de\u011fer sunmakt\u0131r BMO \u015eirketi, 2018 y\u0131l\u0131n\u0131n ba\u015flar\u0131nda, motor ya\u011f\u0131 sekt\u00f6r\u00fcnde k\u00f6kl\u00fc bir uzman olan Say\u0131n Taha Tar\u0131k Taha taraf\u0131ndan, o\u011flu Botan Taha [&hellip;]<\/p>\n","protected":false},"author":1,"featured_media":0,"parent":0,"menu_order":0,"comment_status":"closed","ping_status":"closed","template":"","meta":{"footnotes":""},"class_list":["post-18282","page","type-page","status-publish","hentry"],"_links":{"self":[{"href":"https:\/\/bmocompany.com\/index.php?rest_route=\/wp\/v2\/pages\/18282","targetHints":{"allow":["GET"]}}],"collection":[{"href":"https:\/\/bmocompany.com\/index.php?rest_route=\/wp\/v2\/pages"}],"about":[{"href":"https:\/\/bmocompany.com\/index.php?rest_route=\/wp\/v2\/types\/page"}],"author":[{"embeddable":true,"href":"https:\/\/bmocompany.com\/index.php?rest_route=\/wp\/v2\/users\/1"}],"replies":[{"embeddable":true,"href":"https:\/\/bmocompany.com\/index.php?rest_route=%2Fwp%2Fv2%2Fcomments&post=18282"}],"version-history":[{"count":11,"href":"https:\/\/bmocompany.com\/index.php?rest_route=\/wp\/v2\/pages\/18282\/revisions"}],"predecessor-version":[{"id":19590,"href":"https:\/\/bmocompany.com\/index.php?rest_route=\/wp\/v2\/pages\/18282\/revisions\/19590"}],"wp:attachment":[{"href":"https:\/\/bmocompany.com\/index.php?rest_route=%2Fwp%2Fv2%2Fmedia&parent=18282"}],"curies":[{"name":"wp","href":"https:\/\/api.w.org\/{rel}","templated":true}]}}