{"id":18270,"date":"2024-04-16T02:39:58","date_gmt":"2024-04-16T02:39:58","guid":{"rendered":"https:\/\/bmocompany.com\/?page_id=18270"},"modified":"2026-03-24T12:19:11","modified_gmt":"2026-03-24T12:19:11","slug":"baskanin-mesaji","status":"publish","type":"page","link":"https:\/\/bmocompany.com\/?page_id=18270&lang=tr","title":{"rendered":"Y\u00f6netim Kurulu Ba\u015fkan\u0131&#8217;n\u0131n Mesaj\u0131"},"content":{"rendered":"\t\t<div data-elementor-type=\"wp-page\" data-elementor-id=\"18270\" class=\"elementor elementor-18270 elementor-181\">\n\t\t\t\t        <section class=\"elementor-section elementor-top-section elementor-element elementor-element-17377b4 elementor-section-stretched elementor-section-boxed elementor-section-height-default elementor-section-height-default pxl-row-scroll-none pxl-zoom-point-false pxl-section-overflow-visible\" data-id=\"17377b4\" data-element_type=\"section\" data-e-type=\"section\" data-settings=\"{&quot;stretch_section&quot;:&quot;section-stretched&quot;,&quot;background_background&quot;:&quot;classic&quot;}\">\n\n                            <div class=\"elementor-background-overlay\"><\/div>\n            \n                <div class=\"elementor-container elementor-column-gap-extended \">\n                <div class=\"elementor-column elementor-col-100 elementor-top-column elementor-element elementor-element-49264a9 pxl-column-none pxl-column-overflow-hidden-no\" data-id=\"49264a9\" data-element_type=\"column\" data-e-type=\"column\">\r\n        <div class=\"elementor-widget-wrap elementor-element-populated\">\r\n                     \r\n        \t\t<div class=\"elementor-element elementor-element-b1031bd elementor-widget elementor-widget-pxl_heading\" data-id=\"b1031bd\" data-element_type=\"widget\" data-e-type=\"widget\" data-widget_type=\"pxl_heading.default\">\n\t\t\t\t<div class=\"elementor-widget-container\">\n\t\t\t\t\t\n<div id=\"pxl-pxl_heading-b1031bd-5880\" class=\"pxl-heading px-sub-title-default-style \">\n\t<div class=\"pxl-heading--inner\">\n\t\t\n\t\t<h3 class=\"pxl-item--title style-default ft-gt highlight-default \" data-wow-delay=\"ms\">\n\t\t\t\t\t\t\tY\u00f6netim Kurulu Ba\u015fkan\u0131&#8217;n\u0131n Mesaj\u0131\t\n\t\t\t\t\n\t\t<\/h3>\n\t\t\n\t<\/div>\n<\/div>\t\t\t\t<\/div>\n\t\t\t\t<\/div>\n\t\t\t\t<div class=\"elementor-element elementor-element-95ded0d elementor-widget elementor-widget-pxl_text_editor\" data-id=\"95ded0d\" data-element_type=\"widget\" data-e-type=\"widget\" data-widget_type=\"pxl_text_editor.default\">\n\t\t\t\t<div class=\"elementor-widget-container\">\n\t\t\t\t\t<div class=\"pxl-text-editor\">\n\t<div class=\"pxl-item--inner  \" data-wow-delay=\"ms\">\n\t\t<p>2005 y\u0131l\u0131nda, babam\u0131n madeni ya\u011f sekt\u00f6r\u00fcndeki ticari faaliyetleri, bu alandaki merak\u0131m\u0131 ve hevesimi ate\u015fledi. 2016&#8217;dan 2018&#8217;e kadar, sekt\u00f6rde aktif olarak \u00e7al\u0131\u015farak ilk elden deneyim kazand\u0131m. <\/p>\n\t\t\n\t<\/div>\n<\/div>\t\t\t\t<\/div>\n\t\t\t\t<\/div>\n\t\t\t\t<div class=\"elementor-element elementor-element-1ade687 elementor-widget-divider--view-line elementor-widget elementor-widget-divider\" data-id=\"1ade687\" data-element_type=\"widget\" data-e-type=\"widget\" data-widget_type=\"divider.default\">\n\t\t\t\t<div class=\"elementor-widget-container\">\n\t\t\t\t\t\t\t<div class=\"elementor-divider\">\n\t\t\t<span class=\"elementor-divider-separator\">\n\t\t\t\t\t\t<\/span>\n\t\t<\/div>\n\t\t\t\t\t\t<\/div>\n\t\t\t\t<\/div>\n\t\t\t\t<div class=\"elementor-element elementor-element-f67336f elementor-widget-divider--view-line elementor-widget elementor-widget-divider\" data-id=\"f67336f\" data-element_type=\"widget\" data-e-type=\"widget\" data-widget_type=\"divider.default\">\n\t\t\t\t<div class=\"elementor-widget-container\">\n\t\t\t\t\t\t\t<div class=\"elementor-divider\">\n\t\t\t<span class=\"elementor-divider-separator\">\n\t\t\t\t\t\t<\/span>\n\t\t<\/div>\n\t\t\t\t\t\t<\/div>\n\t\t\t\t<\/div>\n\t\t\t\t<div class=\"elementor-element elementor-element-3cb6cfa elementor-widget elementor-widget-pxl_breadcrumb\" data-id=\"3cb6cfa\" data-element_type=\"widget\" data-e-type=\"widget\" data-widget_type=\"pxl_breadcrumb.default\">\n\t\t\t\t<div class=\"elementor-widget-container\">\n\t\t\t\t\t<div class=\"pxl-breadcrumb-wrap\">\n\t<ul class=\"pxl-breadcrumb\"><li><span class=\"breadcrumb-entry\">Main Home<\/span><\/li><\/ul><\/div>\t\t\t\t<\/div>\n\t\t\t\t<\/div>\n\t\t            <\/div>\r\n        <\/div>\r\n        \t\t\t<\/div>\n\t\t<\/section>\n\t\t        <section class=\"elementor-section elementor-top-section elementor-element elementor-element-44bff58 elementor-section-stretched elementor-section-boxed elementor-section-height-default elementor-section-height-default pxl-row-scroll-none pxl-zoom-point-false pxl-section-overflow-visible\" data-id=\"44bff58\" data-element_type=\"section\" data-e-type=\"section\" data-settings=\"{&quot;stretch_section&quot;:&quot;section-stretched&quot;}\">\n\n                \n                <div class=\"elementor-container elementor-column-gap-extended \">\n                <div class=\"elementor-column elementor-col-50 elementor-top-column elementor-element elementor-element-0aa1a19 pxl-column-none pxl-column-overflow-hidden-no\" data-id=\"0aa1a19\" data-element_type=\"column\" data-e-type=\"column\">\r\n        <div class=\"elementor-widget-wrap elementor-element-populated\">\r\n                     \r\n        \t\t<div class=\"elementor-element elementor-element-a3c1afd elementor-widget__width-initial elementor-widget elementor-widget-pxl_image\" data-id=\"a3c1afd\" data-element_type=\"widget\" data-e-type=\"widget\" data-widget_type=\"pxl_image.default\">\n\t\t\t\t<div class=\"elementor-widget-container\">\n\t\t\t\t\t<div id=\"pxl_image-a3c1afd-5454\" class=\"pxl-image-single df pxl-disable-parallax-sm pxl-hide-sr-lg  wow skewIn\" data-wow-delay=\"200ms\"  >\r\n    <div class=\"pxl-item--inner\" data-wow-delay=\"120ms\">\r\n        \r\n                    <div class=\"pxl-item--image df\" data-parallax-value=\"\">\r\n                                <img fetchpriority=\"high\" decoding=\"async\" width=\"1728\" height=\"2304\" src=\"https:\/\/bmocompany.com\/wp-content\/uploads\/2026\/03\/hf_20260324_121524_862e250f-aaac-4907-9056-9486bfab5a44.png\" class=\"no-lazyload attachment-full\" alt=\"\" srcset=\"https:\/\/bmocompany.com\/wp-content\/uploads\/2026\/03\/hf_20260324_121524_862e250f-aaac-4907-9056-9486bfab5a44.png 1728w, https:\/\/bmocompany.com\/wp-content\/uploads\/2026\/03\/hf_20260324_121524_862e250f-aaac-4907-9056-9486bfab5a44-225x300.png 225w, https:\/\/bmocompany.com\/wp-content\/uploads\/2026\/03\/hf_20260324_121524_862e250f-aaac-4907-9056-9486bfab5a44-768x1024.png 768w, https:\/\/bmocompany.com\/wp-content\/uploads\/2026\/03\/hf_20260324_121524_862e250f-aaac-4907-9056-9486bfab5a44-1152x1536.png 1152w, https:\/\/bmocompany.com\/wp-content\/uploads\/2026\/03\/hf_20260324_121524_862e250f-aaac-4907-9056-9486bfab5a44-1536x2048.png 1536w, https:\/\/bmocompany.com\/wp-content\/uploads\/2026\/03\/hf_20260324_121524_862e250f-aaac-4907-9056-9486bfab5a44-533x710.png 533w, https:\/\/bmocompany.com\/wp-content\/uploads\/2026\/03\/hf_20260324_121524_862e250f-aaac-4907-9056-9486bfab5a44-600x800.png 600w\" sizes=\"(max-width: 1728px) 100vw, 1728px\" \/>                                            <\/div>\r\n                \r\n    <\/div>\r\n<\/div>\t\t\t\t<\/div>\n\t\t\t\t<\/div>\n\t\t\t\t<div class=\"elementor-element elementor-element-f4ff89e elementor-widget elementor-widget-spacer\" data-id=\"f4ff89e\" data-element_type=\"widget\" data-e-type=\"widget\" data-widget_type=\"spacer.default\">\n\t\t\t\t<div class=\"elementor-widget-container\">\n\t\t\t\t\t\t\t<div class=\"elementor-spacer\">\n\t\t\t<div class=\"elementor-spacer-inner\"><\/div>\n\t\t<\/div>\n\t\t\t\t\t\t<\/div>\n\t\t\t\t<\/div>\n\t\t\t\t<div class=\"elementor-element elementor-element-c501c6d elementor-widget elementor-widget-pxl_text_editor\" data-id=\"c501c6d\" data-element_type=\"widget\" data-e-type=\"widget\" data-widget_type=\"pxl_text_editor.default\">\n\t\t\t\t<div class=\"elementor-widget-container\">\n\t\t\t\t\t<div class=\"pxl-text-editor\">\n\t<div class=\"pxl-item--inner  \" data-wow-delay=\"ms\">\n\t\t<p><strong>Botan Taha SHERANSH\u0130<\/strong><\/p>\n<p><strong>Y\u00f6netim Kurulu Ba\u015fkan\u0131<\/strong><\/p>\n\t\t\n\t<\/div>\n<\/div>\t\t\t\t<\/div>\n\t\t\t\t<\/div>\n\t\t            <\/div>\r\n        <\/div>\r\n                <div class=\"elementor-column elementor-col-50 elementor-top-column elementor-element elementor-element-2832090 pxl-column-none pxl-column-overflow-hidden-no\" data-id=\"2832090\" data-element_type=\"column\" data-e-type=\"column\">\r\n        <div class=\"elementor-widget-wrap elementor-element-populated\">\r\n                     \r\n        \t\t<div class=\"elementor-element elementor-element-5e9827a ft-gt elementor-widget elementor-widget-pxl_heading\" data-id=\"5e9827a\" data-element_type=\"widget\" data-e-type=\"widget\" data-widget_type=\"pxl_heading.default\">\n\t\t\t\t<div class=\"elementor-widget-container\">\n\t\t\t\t\t\n<div id=\"pxl-pxl_heading-5e9827a-7285\" class=\"pxl-heading px-sub-title-default-style \">\n\t<div class=\"pxl-heading--inner\">\n\t\t\t\t\t<div class=\"pxl-item--subtitle px-sub-title-default \" data-wow-delay=\"ms\">\n\t\t\t\t<span class=\"pxl-item--subtext\">\n\t\t\t\t\t\t\t\t\t\tMesaj ve Tarih\u00e7e\t\t\t\t<\/span>\n\t\t\t<\/div>\n\t\t\n\t\t<h3 class=\"pxl-item--title style-default  highlight-default pxl-split-text split-in-fade\" data-wow-delay=\"ms\">\n\t\t\t\t\t\t\tY\u00f6netim Kurulu Ba\u015fkan\u0131&#8217;n\u0131n Mesaj\u0131 ve Tarih\u00e7esi\t\n\t\t\t\t\n\t\t<\/h3>\n\t\t\n\t<\/div>\n<\/div>\t\t\t\t<\/div>\n\t\t\t\t<\/div>\n\t\t\t\t<div class=\"elementor-element elementor-element-0ff47cf elementor-widget-laptop__width-initial elementor-widget elementor-widget-pxl_text_editor\" data-id=\"0ff47cf\" data-element_type=\"widget\" data-e-type=\"widget\" data-widget_type=\"pxl_text_editor.default\">\n\t\t\t\t<div class=\"elementor-widget-container\">\n\t\t\t\t\t<div class=\"pxl-text-editor\">\n\t<div class=\"pxl-item--inner  \" data-wow-delay=\"ms\">\n\t\t<p>BMO Company&#8217;nin temeli, uzun y\u0131llara dayanan deneyime ve azme olan g\u00fc\u00e7l\u00fc inanca dayanmaktad\u0131r. Madeni ya\u011f sekt\u00f6r\u00fcndeki yolculu\u011fum, babam\u0131n bu alandaki aktif kat\u0131l\u0131m\u0131ndan ilham alarak 2005 y\u0131l\u0131nda ba\u015flad\u0131. Onun \u00e7al\u0131\u015fmalar\u0131n\u0131 k\u00fc\u00e7\u00fck ya\u015flardan itibaren g\u00f6zlemlemek, bu alanda bir kariyer yapma merak\u0131m\u0131 ve h\u0131rs\u0131m\u0131 tetikledi.  <\/p>\n<p>2016 ile 2018 y\u0131llar\u0131 aras\u0131nda, sekt\u00f6rde do\u011frudan \u00e7al\u0131\u015farak uygulamal\u0131 deneyim kazand\u0131m. 2018 y\u0131l\u0131n\u0131n ortalar\u0131nda, babam\u0131n rehberli\u011fi ve uzmanl\u0131\u011f\u0131yla kendi \u015firketimi kurma s\u00fcrecine ba\u015flad\u0131m ve bu \u015firket daha sonra <strong>BMO Company<\/strong> oldu. Ba\u015flang\u0131\u00e7tan itibaren odak noktam\u0131z, Irak pazar\u0131n\u0131n ihtiya\u00e7lar\u0131na g\u00f6re uyarlanm\u0131\u015f geni\u015f bir marka ve \u00fcr\u00fcn yelpazesi sunarak y\u00fcksek kaliteli madeni ya\u011f \u00fcr\u00fcnlerinin ithalat ve ihracat\u0131 olmu\u015ftur.  <\/p>\n<p>Bug\u00fcn BMO Company, Irak genelindeki geni\u015f bayi a\u011f\u0131 arac\u0131l\u0131\u011f\u0131yla faaliyet g\u00f6stermekte ve bizi sekt\u00f6rdeki lider \u015firketler aras\u0131na konumland\u0131rmaktad\u0131r. Ana operasyon merkezimiz Zaho&#8217;da, 2.500 metrekare kapal\u0131 alana sahip bir tesiste yer almakta olup, Erbil&#8217;de 2.000 metrekarelik bir depo ve di\u011fer bir\u00e7ok \u015fube ile desteklenmektedir. Ayr\u0131ca ba\u015fta T\u00fcrkiye ve Azerbaycan olmak \u00fczere uluslararas\u0131 ortaklarla g\u00fc\u00e7l\u00fc ticari ili\u015fkiler s\u00fcrd\u00fcrmekteyiz.  <\/p>\n\t\t\n\t<\/div>\n<\/div>\t\t\t\t<\/div>\n\t\t\t\t<\/div>\n\t\t            <\/div>\r\n        <\/div>\r\n        \t\t\t<\/div>\n\t\t<\/section>\n\t\t<div class=\"elementor-element elementor-element-9510e98 e-con-full e-flex e-con e-parent \" data-id=\"9510e98\" data-element_type=\"container\" data-e-type=\"container\">\t\t<div class=\"elementor-element elementor-element-36d99fd elementor-widget-mobile__width-initial elementor-widget elementor-widget-pxl_text_editor\" data-id=\"36d99fd\" data-element_type=\"widget\" data-e-type=\"widget\" data-widget_type=\"pxl_text_editor.default\">\n\t\t\t\t<div class=\"elementor-widget-container\">\n\t\t\t\t\t<div class=\"pxl-text-editor\">\n\t<div class=\"pxl-item--inner  \" data-wow-delay=\"ms\">\n\t\t<p>Her ba\u015far\u0131l\u0131 \u015firket, ilk a\u015famalar\u0131nda zorluklarla kar\u015f\u0131la\u015f\u0131r. Ancak azim, disiplin ve uzun vadeli hedeflere olan inan\u00e7, zorluklar\u0131 d\u00f6n\u00fcm noktalar\u0131na d\u00f6n\u00fc\u015ft\u00fcr\u00fcr. Bu yolculu\u011fa 20 ya\u015f\u0131nda ba\u015flad\u0131m ve babam\u0131n deneyiminden ve rehberli\u011finden paha bi\u00e7ilmez dersler \u00e7\u0131kard\u0131m. Bu temel, \u015firketimizin de\u011ferlerini ve stratejik y\u00f6n\u00fcn\u00fc \u015fekillendirmeye devam etmektedir.   <\/p>\n<p>Irak&#8217;\u0131n f\u0131rsatlar, do\u011fal kaynaklar ve b\u00fcy\u00fcme potansiyeli a\u00e7\u0131s\u0131ndan zengin bir \u00fclke oldu\u011funa kesinlikle inan\u0131yorum. Pazar geleneksel olarak t\u00fcketim odakl\u0131 olsa da, \u00f6zellikle ulusal ekonomide \u00f6nemli bir paya sahip olan motor ya\u011f\u0131 sekt\u00f6r\u00fcnde, \u00fcreticiler i\u00e7in \u00f6nemli \u00f6l\u00e7\u00fcde kullan\u0131lmayan bir potansiyel bulunmaktad\u0131r. Bu f\u0131rsat\u0131 fark eden BMO Company, pazar pay\u0131n\u0131 geni\u015fletmeyi ve sekt\u00f6rde g\u00fcvenilir bir ortak olarak konumunu g\u00fc\u00e7lendirmeyi ama\u00e7layan iddial\u0131 bir b\u00fcy\u00fcme stratejisi benimsemi\u015ftir.  <\/p>\n<p>Tedarik\u00e7ilerimiz ve ortaklar\u0131m\u0131zla yak\u0131n i\u015f birli\u011fi i\u00e7inde \u00e7al\u0131\u015farak, ileri teknolojileri entegre etmeye, \u00fcst\u00fcn kaliteli ya\u011f \u00fcr\u00fcnleri sunmaya ve maksimum m\u00fc\u015fteri memnuniyetini sa\u011flamaya kararl\u0131y\u0131z. Uluslararas\u0131 standartlara ve etik i\u015f prensiplerine tam uyum i\u00e7inde faaliyet g\u00f6steriyoruz ve vizyonumuzu payla\u015fan t\u00fcm ortaklar\u0131 bizimle birlikte b\u00fcy\u00fcmeye davet ediyoruz. <\/p>\n<p>BMO Company, uzun vadeli stratejiler, s\u00fcrd\u00fcr\u00fclebilir b\u00fcy\u00fcme ve kar\u015f\u0131l\u0131kl\u0131 g\u00fcven \u00fczerine kurulmu\u015ftur. Ortaklar\u0131m\u0131z\u0131 ve payda\u015flar\u0131m\u0131z\u0131 bu yolculu\u011fa yat\u0131r\u0131m yapmaya davet ediyor ve birlikte daha g\u00fc\u00e7l\u00fc ve umut vadeden bir gelecek in\u015fa etmeyi d\u00f6rt g\u00f6zle bekliyoruz. <\/p><\/p>\n\t\t\n\t<\/div>\n<\/div>\t\t\t\t<\/div>\n\t\t\t\t<\/div>\n\t\t\t\t<\/div>\r\n\t\t\t\t<\/div>\n\t\t","protected":false},"excerpt":{"rendered":"<p>CHAIRMAN\u2019S Message 2005 y\u0131l\u0131nda, babam\u0131n madeni ya\u011f sekt\u00f6r\u00fcndeki ticari faaliyetleri, bu alandaki merak\u0131m\u0131 ve hevesimi ate\u015fledi. 2016&#8217;dan 2018&#8217;e kadar, sekt\u00f6rde aktif olarak \u00e7al\u0131\u015farak ilk elden deneyim kazand\u0131m. Main Home Botan Taha SHERANSH\u0130 Y\u00f6netim Kurulu Ba\u015fkan\u0131 Mesaj ve Tarih\u00e7e Y\u00f6netim Kurulu Ba\u015fkan\u0131&#8217;n\u0131n Mesaj\u0131 ve Tarih\u00e7esi BMO Company&#8217;nin temeli, uzun y\u0131llara dayanan deneyime ve azme olan g\u00fc\u00e7l\u00fc [&hellip;]<\/p>\n","protected":false},"author":1,"featured_media":0,"parent":0,"menu_order":0,"comment_status":"closed","ping_status":"closed","template":"","meta":{"footnotes":""},"class_list":["post-18270","page","type-page","status-publish","hentry"],"_links":{"self":[{"href":"https:\/\/bmocompany.com\/index.php?rest_route=\/wp\/v2\/pages\/18270","targetHints":{"allow":["GET"]}}],"collection":[{"href":"https:\/\/bmocompany.com\/index.php?rest_route=\/wp\/v2\/pages"}],"about":[{"href":"https:\/\/bmocompany.com\/index.php?rest_route=\/wp\/v2\/types\/page"}],"author":[{"embeddable":true,"href":"https:\/\/bmocompany.com\/index.php?rest_route=\/wp\/v2\/users\/1"}],"replies":[{"embeddable":true,"href":"https:\/\/bmocompany.com\/index.php?rest_route=%2Fwp%2Fv2%2Fcomments&post=18270"}],"version-history":[{"count":8,"href":"https:\/\/bmocompany.com\/index.php?rest_route=\/wp\/v2\/pages\/18270\/revisions"}],"predecessor-version":[{"id":19642,"href":"https:\/\/bmocompany.com\/index.php?rest_route=\/wp\/v2\/pages\/18270\/revisions\/19642"}],"wp:attachment":[{"href":"https:\/\/bmocompany.com\/index.php?rest_route=%2Fwp%2Fv2%2Fmedia&parent=18270"}],"curies":[{"name":"wp","href":"https:\/\/api.w.org\/{rel}","templated":true}]}}